{"id":3079,"date":"2024-02-04T20:44:44","date_gmt":"2024-02-04T20:44:44","guid":{"rendered":"https:\/\/cristianejackson.com\/pt\/?page_id=3079"},"modified":"2024-02-05T21:06:26","modified_gmt":"2024-02-05T21:06:26","slug":"politica-de-cookies","status":"publish","type":"page","link":"https:\/\/cristianejackson.com\/pt\/politica-de-cookies\/","title":{"rendered":"Pol\u00edtica de Cookies"},"content":{"rendered":"\t\t<div data-elementor-type=\"wp-page\" data-elementor-id=\"3079\" class=\"elementor elementor-3079\" data-elementor-post-type=\"page\">\n\t\t\t\t\t\t<section class=\"elementor-section elementor-top-section elementor-element elementor-element-7fd4190 elementor-section-full_width elementor-section-height-full elementor-section-items-bottom elementor-section-height-default\" data-id=\"7fd4190\" data-element_type=\"section\" data-e-type=\"section\" data-settings=\"{&quot;background_background&quot;:&quot;slideshow&quot;,&quot;background_slideshow_gallery&quot;:[{&quot;id&quot;:1073,&quot;url&quot;:&quot;https:\\\/\\\/cristianejackson.com\\\/pt\\\/wp-content\\\/uploads\\\/2024\\\/01\\\/almaden-valley.webp&quot;},{&quot;id&quot;:1220,&quot;url&quot;:&quot;https:\\\/\\\/cristianejackson.com\\\/pt\\\/wp-content\\\/uploads\\\/2024\\\/01\\\/campbell-campbell-ca-5.webp&quot;},{&quot;id&quot;:1047,&quot;url&quot;:&quot;https:\\\/\\\/cristianejackson.com\\\/pt\\\/wp-content\\\/uploads\\\/2024\\\/01\\\/LOS-ALTOS.webp&quot;},{&quot;id&quot;:1511,&quot;url&quot;:&quot;https:\\\/\\\/cristianejackson.com\\\/pt\\\/wp-content\\\/uploads\\\/2024\\\/01\\\/Buy.jpg&quot;},{&quot;id&quot;:840,&quot;url&quot;:&quot;https:\\\/\\\/cristianejackson.com\\\/pt\\\/wp-content\\\/uploads\\\/2024\\\/01\\\/9927-night-heron-way-elk-grove-ca-primaryphoto.jpg&quot;}],&quot;background_slideshow_transition_duration&quot;:3000,&quot;background_slideshow_ken_burns&quot;:&quot;yes&quot;,&quot;background_slideshow_ken_burns_zoom_direction&quot;:&quot;out&quot;,&quot;background_slideshow_loop&quot;:&quot;yes&quot;,&quot;background_slideshow_slide_duration&quot;:5000,&quot;background_slideshow_slide_transition&quot;:&quot;fade&quot;}\">\n\t\t\t\t\t\t\t<div class=\"elementor-background-overlay\"><\/div>\n\t\t\t\t\t\t\t<div class=\"elementor-container elementor-column-gap-default\">\n\t\t\t\t\t<div class=\"elementor-column elementor-col-100 elementor-top-column elementor-element elementor-element-8164c90\" data-id=\"8164c90\" data-element_type=\"column\" data-e-type=\"column\">\n\t\t\t<div class=\"elementor-widget-wrap elementor-element-populated\">\n\t\t\t\t<div class=\"elementor-element elementor-element-9c3320c e-flex e-con-boxed e-con e-parent\" data-id=\"9c3320c\" data-element_type=\"container\" data-e-type=\"container\">\n\t\t\t\t\t<div class=\"e-con-inner\">\n\t\t<div class=\"elementor-element elementor-element-eb8f57e e-flex e-con-boxed e-con e-child\" data-id=\"eb8f57e\" data-element_type=\"container\" data-e-type=\"container\">\n\t\t\t\t\t<div class=\"e-con-inner\">\n\t\t\t\t<div class=\"elementor-element elementor-element-68182a3 elementor-widget elementor-widget-hub_fancy_heading\" data-id=\"68182a3\" data-element_type=\"widget\" data-e-type=\"widget\" data-widget_type=\"hub_fancy_heading.default\">\n\t\t\t\t<div class=\"elementor-widget-container\">\n\t\t\t\t\t\n\t\t<div id=\"ld-fancy-heading-69ea3f0354b83\" class=\"ld-fancy-heading pos-rel\">\n\t\t\t<h1 class=\"ld-fh-element d-inline-block pos-rel  elementor-heading-title ws-nowrap lqd-highlight-classic lqd-highlight-grow-left h1\"  > Pol\u00edtica de Cookies<\/h1>\t\t<\/div>\n\n\t\t\t\t\t\t<\/div>\n\t\t\t\t<\/div>\n\t\t\t\t<div class=\"elementor-element elementor-element-e3fb53d elementor-align-right elementor-widget__width-inherit elementor-hidden-mobile elementor-widget elementor-widget-ld_button\" data-id=\"e3fb53d\" data-element_type=\"widget\" data-e-type=\"widget\" data-widget_type=\"ld_button.default\">\n\t\t\t\t<div class=\"elementor-widget-container\">\n\t\t\t\t\t\n\t\t<a  href=\"#services\" class=\"elementor-button btn align-items-center justify-content-center pos-rel overflow-hidden ws-nowrap btn-solid btn-hover-txt-liquid-x btn-icon-right btn-no-label\" data-localscroll=\"true\" data-localscroll-options=\"{&quot;scrollSpeed&quot;:&quot;2000&quot;}\" >\n\t\t\t\t\t\t\t\t\t\t\t<span class=\"btn-icon pos-rel z-index-3\">\n\t\t\t\t\t\t<i aria-hidden=\"true\" class=\"lqd-icn-ess icon-ion-ios-arrow-round-down\"><\/i>\t\t\t\t\t<\/span>\n\t\t\t\t\t\t\t<\/a>\n\n\t\t\t\t\t\t<\/div>\n\t\t\t\t<\/div>\n\t\t\t\t\t<\/div>\n\t\t\t\t<\/div>\n\t\t\t\t\t<\/div>\n\t\t\t\t<\/div>\n\t\t\t\t\t<\/div>\n\t\t<\/div>\n\t\t\t\t\t<\/div>\n\t\t<\/section>\n\t\t<div class=\"elementor-element elementor-element-fdbe4e7 e-flex e-con-boxed e-con e-parent\" data-id=\"fdbe4e7\" data-element_type=\"container\" data-e-type=\"container\">\n\t\t\t\t\t<div class=\"e-con-inner\">\n\t\t<div class=\"elementor-element elementor-element-51bdd52 e-con-full e-flex e-con e-child\" data-id=\"51bdd52\" data-element_type=\"container\" data-e-type=\"container\">\n\t\t\t\t<\/div>\n\t\t<div class=\"elementor-element elementor-element-a59b481 e-con-full e-flex e-con e-child\" data-id=\"a59b481\" data-element_type=\"container\" data-e-type=\"container\">\n\t\t\t\t<\/div>\n\t\t<div class=\"elementor-element elementor-element-2a46d7b e-con-full e-flex e-con e-child\" data-id=\"2a46d7b\" data-element_type=\"container\" data-e-type=\"container\">\n\t\t\t\t<\/div>\n\t\t<div class=\"elementor-element elementor-element-5103e5b e-con-full e-flex e-con e-child\" data-id=\"5103e5b\" data-element_type=\"container\" data-e-type=\"container\">\n\t\t\t\t<div class=\"elementor-element elementor-element-808aa64 elementor-widget elementor-widget-text-editor\" data-id=\"808aa64\" data-element_type=\"widget\" data-e-type=\"widget\" data-widget_type=\"text-editor.default\">\n\t\t\t\t<div class=\"elementor-widget-container\">\n\t\t\t\t\t\t\t\t\t<p>\u00daltima atualiza\u00e7\u00e3o: 04\/02\/2024<\/p><p><b>Introdu\u00e7\u00e3o<\/b><\/p><p>Bem-vindo ao site da corretora imobili\u00e1ria Cristiane Jackson (\u201cn\u00f3s\u201d, \u201cn\u00f3s\u201d ou \u201cnosso\u201d). Esta p\u00e1gina informa sobre nossas pol\u00edticas relativas ao uso de cookies em nosso site, www.cristianejackson.com (o \u201cSite\u201d).<\/p><p><b>O que s\u00e3o cookies?<\/b><\/p><p>Cookies s\u00e3o pequenos peda\u00e7os de texto enviados pelo seu navegador por um site que voc\u00ea visita. Um arquivo cookie \u00e9 armazenado em seu navegador e permite que o Site ou terceiros reconhe\u00e7am voc\u00ea e tornem sua pr\u00f3xima visita mais f\u00e1cil e \u00fatil para voc\u00ea.<\/p><p>Os cookies podem ser cookies \u201cpersistentes\u201d ou de \u201csess\u00e3o\u201d. Os cookies persistentes permanecem no seu computador pessoal ou dispositivo m\u00f3vel quando voc\u00ea fica offline, enquanto os cookies de sess\u00e3o s\u00e3o exclu\u00eddos assim que voc\u00ea fecha o navegador da web.<\/p><p><b>Como usamos cookies<\/b><\/p><p>Quando voc\u00ea usa e acessa nosso Site, podemos colocar v\u00e1rios arquivos de cookies em seu navegador. Utilizamos cookies para os seguintes fins:<\/p><p>\u2013 Para ativar determinadas fun\u00e7\u00f5es do Site \u2013 Para fornecer an\u00e1lises \u2013 Para armazenar suas prefer\u00eancias \u2013 Para permitir a entrega de publicidade, incluindo publicidade comportamental<\/p><p>Usamos cookies de sess\u00e3o e persistentes em nosso Site e usamos diferentes tipos de cookies para operar o Site.<\/p><p><b>Cookies de terceiros<\/b><\/p><p>Al\u00e9m dos nossos pr\u00f3prios cookies, tamb\u00e9m podemos utilizar v\u00e1rios cookies de terceiros para reportar estat\u00edsticas de utiliza\u00e7\u00e3o do Site e fornecer publicidade direcionada.<\/p><p><b>Suas escolhas em rela\u00e7\u00e3o aos cookies<\/b><\/p><p>Se desejar excluir cookies ou instruir seu navegador para excluir ou recusar cookies, visite as p\u00e1ginas de ajuda do seu navegador. Tenha em aten\u00e7\u00e3o que se eliminar cookies ou se recusar a aceit\u00e1-los, poder\u00e1 n\u00e3o conseguir utilizar todas as funcionalidades que oferecemos, poder\u00e1 n\u00e3o conseguir armazenar as suas prefer\u00eancias e algumas das nossas p\u00e1ginas poder\u00e3o n\u00e3o ser apresentadas corretamente.<\/p><p><b>Altera\u00e7\u00f5es a esta Pol\u00edtica de Cookies<\/b><\/p><p>Poderemos atualizar nossa Pol\u00edtica de Cookies de tempos em tempos. Iremos notific\u00e1-lo de quaisquer altera\u00e7\u00f5es publicando a nova Pol\u00edtica de Cookaies nesta p\u00e1gina.<\/p><p><b>Contate-nos<\/b><\/p><p>Se tiver alguma d\u00favida sobre esta Pol\u00edtica de Cookies, entre em contacto connosco atrav\u00e9s do email<a href=\"mailto:crisjackson@intero.com\">crisjackson@intero.com<\/a><\/p><p>\u00a0<\/p>\t\t\t\t\t\t\t\t<\/div>\n\t\t\t\t<\/div>\n\t\t\t\t<\/div>\n\t\t\t\t\t<\/div>\n\t\t\t\t<\/div>\n\t\t\t\t<\/div>\n\t\t","protected":false},"excerpt":{"rendered":"<p>Pol\u00edtica de Cookies \u00daltima atualiza\u00e7\u00e3o: 04\/02\/2024 Introdu\u00e7\u00e3o Bem-vindo ao site da corretora imobili\u00e1ria Cristiane Jackson (\u201cn\u00f3s\u201d, \u201cn\u00f3s\u201d ou \u201cnosso\u201d). Esta p\u00e1gina informa sobre nossas pol\u00edticas relativas ao uso de cookies em nosso site, www.cristianejackson.com (o \u201cSite\u201d). O que s\u00e3o cookies? Cookies s\u00e3o pequenos peda\u00e7os de texto enviados pelo seu navegador por um site que voc\u00ea [&hellip;]<\/p>\n","protected":false},"author":1,"featured_media":0,"parent":0,"menu_order":0,"comment_status":"closed","ping_status":"closed","template":"","meta":{"footnotes":""},"class_list":["post-3079","page","type-page","status-publish","hentry"],"yoast_head":"<!-- This site is optimized with the Yoast SEO plugin v27.2 - https:\/\/yoast.com\/product\/yoast-seo-wordpress\/ -->\n<title>Pol\u00edtica de Cookies - Cristiane Jackson<\/title>\n<meta name=\"robots\" content=\"index, follow, max-snippet:-1, max-image-preview:large, max-video-preview:-1\" \/>\n<link rel=\"canonical\" href=\"https:\/\/cristianejackson.com\/pt\/politica-de-cookies\/\" \/>\n<meta property=\"og:locale\" content=\"pt_BR\" \/>\n<meta property=\"og:type\" content=\"article\" \/>\n<meta property=\"og:title\" content=\"Pol\u00edtica de Cookies - Cristiane Jackson\" \/>\n<meta property=\"og:description\" content=\"Pol\u00edtica de Cookies \u00daltima atualiza\u00e7\u00e3o: 04\/02\/2024 Introdu\u00e7\u00e3o Bem-vindo ao site da corretora imobili\u00e1ria Cristiane Jackson (\u201cn\u00f3s\u201d, \u201cn\u00f3s\u201d ou \u201cnosso\u201d). Esta p\u00e1gina informa sobre nossas pol\u00edticas relativas ao uso de cookies em nosso site, www.cristianejackson.com (o \u201cSite\u201d). O que s\u00e3o cookies? Cookies s\u00e3o pequenos peda\u00e7os de texto enviados pelo seu navegador por um site que voc\u00ea [&hellip;]\" \/>\n<meta property=\"og:url\" content=\"https:\/\/cristianejackson.com\/pt\/politica-de-cookies\/\" \/>\n<meta property=\"og:site_name\" content=\"Cristiane Jackson\" \/>\n<meta property=\"article:modified_time\" content=\"2024-02-05T21:06:26+00:00\" \/>\n<meta name=\"twitter:card\" content=\"summary_large_image\" \/>\n<meta name=\"twitter:label1\" content=\"Est. tempo de leitura\" \/>\n\t<meta name=\"twitter:data1\" content=\"2 minutos\" \/>\n<script type=\"application\/ld+json\" class=\"yoast-schema-graph\">{\"@context\":\"https:\/\/schema.org\",\"@graph\":[{\"@type\":\"WebPage\",\"@id\":\"https:\/\/cristianejackson.com\/pt\/politica-de-cookies\/\",\"url\":\"https:\/\/cristianejackson.com\/pt\/politica-de-cookies\/\",\"name\":\"Pol\u00edtica de Cookies - Cristiane Jackson\",\"isPartOf\":{\"@id\":\"https:\/\/cristianejackson.com\/pt\/#website\"},\"datePublished\":\"2024-02-04T20:44:44+00:00\",\"dateModified\":\"2024-02-05T21:06:26+00:00\",\"breadcrumb\":{\"@id\":\"https:\/\/cristianejackson.com\/pt\/politica-de-cookies\/#breadcrumb\"},\"inLanguage\":\"pt-BR\",\"potentialAction\":[{\"@type\":\"ReadAction\",\"target\":[\"https:\/\/cristianejackson.com\/pt\/politica-de-cookies\/\"]}]},{\"@type\":\"BreadcrumbList\",\"@id\":\"https:\/\/cristianejackson.com\/pt\/politica-de-cookies\/#breadcrumb\",\"itemListElement\":[{\"@type\":\"ListItem\",\"position\":1,\"name\":\"Home\",\"item\":\"https:\/\/cristianejackson.com\/pt\/\"},{\"@type\":\"ListItem\",\"position\":2,\"name\":\"Pol\u00edtica de Cookies\"}]},{\"@type\":\"WebSite\",\"@id\":\"https:\/\/cristianejackson.com\/pt\/#website\",\"url\":\"https:\/\/cristianejackson.com\/pt\/\",\"name\":\"Cristiane Jackson\",\"description\":\"Real Estate Agent\",\"potentialAction\":[{\"@type\":\"SearchAction\",\"target\":{\"@type\":\"EntryPoint\",\"urlTemplate\":\"https:\/\/cristianejackson.com\/pt\/?s={search_term_string}\"},\"query-input\":{\"@type\":\"PropertyValueSpecification\",\"valueRequired\":true,\"valueName\":\"search_term_string\"}}],\"inLanguage\":\"pt-BR\"}]}<\/script>\n<!-- \/ Yoast SEO plugin. -->","yoast_head_json":{"title":"Pol\u00edtica de Cookies - Cristiane Jackson","robots":{"index":"index","follow":"follow","max-snippet":"max-snippet:-1","max-image-preview":"max-image-preview:large","max-video-preview":"max-video-preview:-1"},"canonical":"https:\/\/cristianejackson.com\/pt\/politica-de-cookies\/","og_locale":"pt_BR","og_type":"article","og_title":"Pol\u00edtica de Cookies - Cristiane Jackson","og_description":"Pol\u00edtica de Cookies \u00daltima atualiza\u00e7\u00e3o: 04\/02\/2024 Introdu\u00e7\u00e3o Bem-vindo ao site da corretora imobili\u00e1ria Cristiane Jackson (\u201cn\u00f3s\u201d, \u201cn\u00f3s\u201d ou \u201cnosso\u201d). Esta p\u00e1gina informa sobre nossas pol\u00edticas relativas ao uso de cookies em nosso site, www.cristianejackson.com (o \u201cSite\u201d). O que s\u00e3o cookies? Cookies s\u00e3o pequenos peda\u00e7os de texto enviados pelo seu navegador por um site que voc\u00ea [&hellip;]","og_url":"https:\/\/cristianejackson.com\/pt\/politica-de-cookies\/","og_site_name":"Cristiane Jackson","article_modified_time":"2024-02-05T21:06:26+00:00","twitter_card":"summary_large_image","twitter_misc":{"Est. tempo de leitura":"2 minutos"},"schema":{"@context":"https:\/\/schema.org","@graph":[{"@type":"WebPage","@id":"https:\/\/cristianejackson.com\/pt\/politica-de-cookies\/","url":"https:\/\/cristianejackson.com\/pt\/politica-de-cookies\/","name":"Pol\u00edtica de Cookies - Cristiane Jackson","isPartOf":{"@id":"https:\/\/cristianejackson.com\/pt\/#website"},"datePublished":"2024-02-04T20:44:44+00:00","dateModified":"2024-02-05T21:06:26+00:00","breadcrumb":{"@id":"https:\/\/cristianejackson.com\/pt\/politica-de-cookies\/#breadcrumb"},"inLanguage":"pt-BR","potentialAction":[{"@type":"ReadAction","target":["https:\/\/cristianejackson.com\/pt\/politica-de-cookies\/"]}]},{"@type":"BreadcrumbList","@id":"https:\/\/cristianejackson.com\/pt\/politica-de-cookies\/#breadcrumb","itemListElement":[{"@type":"ListItem","position":1,"name":"Home","item":"https:\/\/cristianejackson.com\/pt\/"},{"@type":"ListItem","position":2,"name":"Pol\u00edtica de Cookies"}]},{"@type":"WebSite","@id":"https:\/\/cristianejackson.com\/pt\/#website","url":"https:\/\/cristianejackson.com\/pt\/","name":"Cristiane Jackson","description":"Real Estate Agent","potentialAction":[{"@type":"SearchAction","target":{"@type":"EntryPoint","urlTemplate":"https:\/\/cristianejackson.com\/pt\/?s={search_term_string}"},"query-input":{"@type":"PropertyValueSpecification","valueRequired":true,"valueName":"search_term_string"}}],"inLanguage":"pt-BR"}]}},"_links":{"self":[{"href":"https:\/\/cristianejackson.com\/pt\/wp-json\/wp\/v2\/pages\/3079","targetHints":{"allow":["GET"]}}],"collection":[{"href":"https:\/\/cristianejackson.com\/pt\/wp-json\/wp\/v2\/pages"}],"about":[{"href":"https:\/\/cristianejackson.com\/pt\/wp-json\/wp\/v2\/types\/page"}],"author":[{"embeddable":true,"href":"https:\/\/cristianejackson.com\/pt\/wp-json\/wp\/v2\/users\/1"}],"replies":[{"embeddable":true,"href":"https:\/\/cristianejackson.com\/pt\/wp-json\/wp\/v2\/comments?post=3079"}],"version-history":[{"count":17,"href":"https:\/\/cristianejackson.com\/pt\/wp-json\/wp\/v2\/pages\/3079\/revisions"}],"predecessor-version":[{"id":3291,"href":"https:\/\/cristianejackson.com\/pt\/wp-json\/wp\/v2\/pages\/3079\/revisions\/3291"}],"wp:attachment":[{"href":"https:\/\/cristianejackson.com\/pt\/wp-json\/wp\/v2\/media?parent=3079"}],"curies":[{"name":"wp","href":"https:\/\/api.w.org\/{rel}","templated":true}]}}