{"id":3071,"date":"2024-02-04T20:44:44","date_gmt":"2024-02-04T20:44:44","guid":{"rendered":"https:\/\/cristianejackson.com\/pt\/?page_id=3071"},"modified":"2024-02-05T21:03:22","modified_gmt":"2024-02-05T21:03:22","slug":"politica-de-agentes-imobiliarios-california","status":"publish","type":"page","link":"https:\/\/cristianejackson.com\/pt\/politica-de-agentes-imobiliarios-california\/","title":{"rendered":"Pol\u00edtica de Agentes Imobili\u00e1rios &#8211; Calif\u00f3rnia"},"content":{"rendered":"\t\t<div data-elementor-type=\"wp-page\" data-elementor-id=\"3071\" class=\"elementor elementor-3071\" data-elementor-post-type=\"page\">\n\t\t\t\t\t\t<section class=\"elementor-section elementor-top-section elementor-element elementor-element-7fd4190 elementor-section-full_width elementor-section-height-full elementor-section-items-bottom elementor-section-height-default\" data-id=\"7fd4190\" data-element_type=\"section\" data-e-type=\"section\" data-settings=\"{&quot;background_background&quot;:&quot;slideshow&quot;,&quot;background_slideshow_gallery&quot;:[{&quot;id&quot;:1073,&quot;url&quot;:&quot;https:\\\/\\\/cristianejackson.com\\\/pt\\\/wp-content\\\/uploads\\\/2024\\\/01\\\/almaden-valley.webp&quot;},{&quot;id&quot;:1220,&quot;url&quot;:&quot;https:\\\/\\\/cristianejackson.com\\\/pt\\\/wp-content\\\/uploads\\\/2024\\\/01\\\/campbell-campbell-ca-5.webp&quot;},{&quot;id&quot;:1047,&quot;url&quot;:&quot;https:\\\/\\\/cristianejackson.com\\\/pt\\\/wp-content\\\/uploads\\\/2024\\\/01\\\/LOS-ALTOS.webp&quot;},{&quot;id&quot;:1511,&quot;url&quot;:&quot;https:\\\/\\\/cristianejackson.com\\\/pt\\\/wp-content\\\/uploads\\\/2024\\\/01\\\/Buy.jpg&quot;},{&quot;id&quot;:840,&quot;url&quot;:&quot;https:\\\/\\\/cristianejackson.com\\\/pt\\\/wp-content\\\/uploads\\\/2024\\\/01\\\/9927-night-heron-way-elk-grove-ca-primaryphoto.jpg&quot;}],&quot;background_slideshow_transition_duration&quot;:3000,&quot;background_slideshow_ken_burns&quot;:&quot;yes&quot;,&quot;background_slideshow_ken_burns_zoom_direction&quot;:&quot;out&quot;,&quot;background_slideshow_loop&quot;:&quot;yes&quot;,&quot;background_slideshow_slide_duration&quot;:5000,&quot;background_slideshow_slide_transition&quot;:&quot;fade&quot;}\">\n\t\t\t\t\t\t\t<div class=\"elementor-background-overlay\"><\/div>\n\t\t\t\t\t\t\t<div class=\"elementor-container elementor-column-gap-default\">\n\t\t\t\t\t<div class=\"elementor-column elementor-col-100 elementor-top-column elementor-element elementor-element-8164c90\" data-id=\"8164c90\" data-element_type=\"column\" data-e-type=\"column\">\n\t\t\t<div class=\"elementor-widget-wrap elementor-element-populated\">\n\t\t\t\t<div class=\"elementor-element elementor-element-9c3320c e-flex e-con-boxed e-con e-parent\" data-id=\"9c3320c\" data-element_type=\"container\" data-e-type=\"container\">\n\t\t\t\t\t<div class=\"e-con-inner\">\n\t\t<div class=\"elementor-element elementor-element-eb8f57e e-flex e-con-boxed e-con e-child\" data-id=\"eb8f57e\" data-element_type=\"container\" data-e-type=\"container\">\n\t\t\t\t\t<div class=\"e-con-inner\">\n\t\t\t\t<div class=\"elementor-element elementor-element-68182a3 elementor-widget elementor-widget-hub_fancy_heading\" data-id=\"68182a3\" data-element_type=\"widget\" data-e-type=\"widget\" data-widget_type=\"hub_fancy_heading.default\">\n\t\t\t\t<div class=\"elementor-widget-container\">\n\t\t\t\t\t\n\t\t<div id=\"ld-fancy-heading-69ea3f064a802\" class=\"ld-fancy-heading pos-rel\">\n\t\t\t<h1 class=\"ld-fh-element d-inline-block pos-rel  elementor-heading-title ws-nowrap lqd-highlight-classic lqd-highlight-grow-left h1\"  > Pol\u00edtica Imobili\u00e1ria da Calif\u00f3rnia<\/h1>\t\t<\/div>\n\n\t\t\t\t\t\t<\/div>\n\t\t\t\t<\/div>\n\t\t\t\t<div class=\"elementor-element elementor-element-e3fb53d elementor-align-right elementor-widget__width-inherit elementor-hidden-mobile elementor-widget elementor-widget-ld_button\" data-id=\"e3fb53d\" data-element_type=\"widget\" data-e-type=\"widget\" data-widget_type=\"ld_button.default\">\n\t\t\t\t<div class=\"elementor-widget-container\">\n\t\t\t\t\t\n\t\t<a  href=\"#services\" class=\"elementor-button btn align-items-center justify-content-center pos-rel overflow-hidden ws-nowrap btn-solid btn-hover-txt-liquid-x btn-icon-right btn-no-label\" data-localscroll=\"true\" data-localscroll-options=\"{&quot;scrollSpeed&quot;:&quot;2000&quot;}\" >\n\t\t\t\t\t\t\t\t\t\t\t<span class=\"btn-icon pos-rel z-index-3\">\n\t\t\t\t\t\t<i aria-hidden=\"true\" class=\"lqd-icn-ess icon-ion-ios-arrow-round-down\"><\/i>\t\t\t\t\t<\/span>\n\t\t\t\t\t\t\t<\/a>\n\n\t\t\t\t\t\t<\/div>\n\t\t\t\t<\/div>\n\t\t\t\t\t<\/div>\n\t\t\t\t<\/div>\n\t\t\t\t\t<\/div>\n\t\t\t\t<\/div>\n\t\t\t\t\t<\/div>\n\t\t<\/div>\n\t\t\t\t\t<\/div>\n\t\t<\/section>\n\t\t<div class=\"elementor-element elementor-element-fdbe4e7 e-flex e-con-boxed e-con e-parent\" data-id=\"fdbe4e7\" data-element_type=\"container\" data-e-type=\"container\">\n\t\t\t\t\t<div class=\"e-con-inner\">\n\t\t<div class=\"elementor-element elementor-element-51bdd52 e-con-full e-flex e-con e-child\" data-id=\"51bdd52\" data-element_type=\"container\" data-e-type=\"container\">\n\t\t\t\t<\/div>\n\t\t<div class=\"elementor-element elementor-element-a59b481 e-con-full e-flex e-con e-child\" data-id=\"a59b481\" data-element_type=\"container\" data-e-type=\"container\">\n\t\t\t\t<\/div>\n\t\t<div class=\"elementor-element elementor-element-2a46d7b e-con-full e-flex e-con e-child\" data-id=\"2a46d7b\" data-element_type=\"container\" data-e-type=\"container\">\n\t\t\t\t<\/div>\n\t\t<div class=\"elementor-element elementor-element-5103e5b e-con-full e-flex e-con e-child\" data-id=\"5103e5b\" data-element_type=\"container\" data-e-type=\"container\">\n\t\t\t\t<div class=\"elementor-element elementor-element-808aa64 elementor-widget elementor-widget-text-editor\" data-id=\"808aa64\" data-element_type=\"widget\" data-e-type=\"widget\" data-widget_type=\"text-editor.default\">\n\t\t\t\t<div class=\"elementor-widget-container\">\n\t\t\t\t\t\t\t\t\t<p>Pol\u00edtica de Privacidade conforme lida em <a href=\"https:\/\/www.dre.ca.gov\/privacypolicy.html\">https:\/\/www.dre.ca.gov\/privacypolicy.html<\/a><\/p><p>O Departamento de Im\u00f3veis da Calif\u00f3rnia est\u00e1 empenhado em proteger e servir os interesses do p\u00fablico em transa\u00e7\u00f5es imobili\u00e1rias e fornecer servi\u00e7os excelentes ao setor imobili\u00e1rio.<\/p><p>A DRE tamb\u00e9m est\u00e1 comprometida em promover e proteger os direitos de privacidade dos indiv\u00edduos, conforme enumerado no Artigo 1 da Constitui\u00e7\u00e3o da Calif\u00f3rnia, na Lei de Pr\u00e1ticas de Informa\u00e7\u00e3o de 1977 e em outros estatutos estaduais e federais.<\/p><p>\u00c9 pol\u00edtica do Departamento de Im\u00f3veis salvaguardar a privacidade das informa\u00e7\u00f5es pessoais coletadas ou mantidas pelo DRE.<\/p><p>As pr\u00e1ticas de gerenciamento de informa\u00e7\u00f5es do Departamento s\u00e3o consistentes com a Lei de Pr\u00e1ticas de Informa\u00e7\u00e3o (Se\u00e7\u00e3o 1798 e seguintes do C\u00f3digo Civil), a Lei de Registros P\u00fablicos (Se\u00e7\u00e3o 6250 e seguintes do C\u00f3digo Governamental), Se\u00e7\u00f5es 11015.5 e 11019.9 do C\u00f3digo Governamental, e com outras leis aplic\u00e1veis \u200b\u200brelativas a privacidade das informa\u00e7\u00f5es.<\/p><p>Voc\u00ea deve estar ciente de que algumas das informa\u00e7\u00f5es ou correspond\u00eancias que voc\u00ea fornece ao DRE tornam-se um registro p\u00fablico e podem estar sujeitas a divulga\u00e7\u00e3o a qualquer pessoa que as solicite de acordo com a Lei de Registros P\u00fablicos estadual (Se\u00e7\u00e3o 6250 do C\u00f3digo do Governo e seguintes); para outra ag\u00eancia governamental, conforme exigido por lei estadual ou federal; e\/ou em resposta a uma ordem judicial ou administrativa, intima\u00e7\u00e3o ou mandado de busca.<\/p><p>A DRE segue estes princ\u00edpios na coleta e gerenciamento de informa\u00e7\u00f5es pessoais:<\/p><p>Coletamos informa\u00e7\u00f5es relevantes e necess\u00e1rias \u2013 Limitamos a coleta de informa\u00e7\u00f5es pessoais e p\u00fablicas ao que \u00e9 necess\u00e1rio para cumprir a finalidade legal do DRE. Por exemplo, precisamos saber o endere\u00e7o, n\u00famero de telefone, data de nascimento e n\u00famero do seguro social de algu\u00e9m, entre outras coisas, para identificar adequadamente a pessoa antes de emitir uma licen\u00e7a imobili\u00e1ria. Tamb\u00e9m reunimos evid\u00eancias pertinentes como parte de uma investiga\u00e7\u00e3o de uma transa\u00e7\u00e3o imobili\u00e1ria, como parte de uma verifica\u00e7\u00e3o de antecedentes criminais de requerente ou licen\u00e7a, e obter informa\u00e7\u00f5es financeiras como parte de uma auditoria de uma opera\u00e7\u00e3o de corretagem imobili\u00e1ria. Informa\u00e7\u00f5es pessoais, conforme definido na Lei de Pr\u00e1ticas de Informa\u00e7\u00e3o, s\u00e3o informa\u00e7\u00f5es que identificam ou descrevem um indiv\u00edduo, incluindo nome, n\u00famero de seguro social, descri\u00e7\u00e3o f\u00edsica, endere\u00e7o residencial, n\u00famero de telefone residencial, educa\u00e7\u00e3o, quest\u00f5es financeiras e hist\u00f3rico m\u00e9dico ou profissional.<\/p><p>Usamos informa\u00e7\u00f5es apenas para os fins especificados ou por motivos consistentes com esses fins, a menos que obtenhamos o consentimento do indiv\u00edduo ou a menos que seja exigido por lei ou regulamento \u2013 A Lei de Registros P\u00fablicos existe para garantir que o governo seja aberto e que o p\u00fablico tenha um direito de ter acesso a registros e informa\u00e7\u00f5es apropriados possu\u00eddos pelo governo estadual. Ao mesmo tempo, existem exce\u00e7\u00f5es nas leis estaduais e federais ao direito do p\u00fablico de acessar registros p\u00fablicos. Estas exce\u00e7\u00f5es atendem a diversas necessidades, incluindo a manuten\u00e7\u00e3o da privacidade dos indiv\u00edduos. No caso de conflito entre esta Pol\u00edtica e a Lei de Registros P\u00fablicos, a Lei de Pr\u00e1ticas de Informa\u00e7\u00e3o ou outra lei que rege a divulga\u00e7\u00e3o de registros, a lei aplic\u00e1vel prevalecer\u00e1.<\/p><p>Observamos pr\u00e1ticas de seguran\u00e7a de com\u00e9rcio eletr\u00f4nico \u2013 Implementamos salvaguardas f\u00edsicas, eletr\u00f4nicas e processuais para proteger as informa\u00e7\u00f5es pessoais dos usu\u00e1rios do eLicensing. Pass\u00e1mos com \u00eaxito por auditorias de rotina e an\u00e1lises independentes da nossa infraestrutura de seguran\u00e7a. Nenhuma informa\u00e7\u00e3o pessoal, como n\u00famero de seguran\u00e7a social, data de nascimento, nome de usu\u00e1rio ou senha, \u00e9 armazenada nos servidores web. Os servidores Web s\u00e3o segregados em uma rede distinta para que possam ser empregadas medidas de seguran\u00e7a aprimoradas.<\/p><p>A privacidade \u00e9 controlada por criptografia.<\/p><p>Este n\u00edvel de criptografia ajuda a garantir que as informa\u00e7\u00f5es estejam seguras quando os dados s\u00e3o transmitidos. Todas as transa\u00e7\u00f5es de eLicensing s\u00e3o protegidas pela tecnologia Secure Socket Layer (SSL) com criptografia de 128 bits. O SSL criptografa as informa\u00e7\u00f5es pessoais do indiv\u00edduo antes que elas saiam do computador, garantindo que n\u00e3o possam ser lidas por pessoas n\u00e3o autorizadas. O uso de criptografia de 128 bits \u00e9 o padr\u00e3o para proteger informa\u00e7\u00f5es financeiras e pessoais na web.<\/p><p>O DRE n\u00e3o armazena nenhuma informa\u00e7\u00e3o de cart\u00e3o de cr\u00e9dito em arquivo e ret\u00e9m apenas as informa\u00e7\u00f5es de autoriza\u00e7\u00e3o fornecidas pelo centro de processamento de pagamentos seguro.<\/p><p>Usamos prote\u00e7\u00f5es de seguran\u00e7a da informa\u00e7\u00e3o \u2013 Tomamos precau\u00e7\u00f5es razo\u00e1veis \u200b\u200bpara proteger as informa\u00e7\u00f5es pessoais de indiv\u00edduos coletadas ou mantidas pelo Departamento contra perda, acesso n\u00e3o autorizado e uso ou divulga\u00e7\u00e3o ilegal. As informa\u00e7\u00f5es pessoais s\u00e3o armazenadas em locais seguros.<\/p><p>Nossa equipe \u00e9 treinada nos procedimentos de divulga\u00e7\u00e3o de informa\u00e7\u00f5es e o acesso \u00e0s informa\u00e7\u00f5es pessoais \u00e9 limitado aos funcion\u00e1rios cujo trabalho exige isso. As informa\u00e7\u00f5es confidenciais s\u00e3o destru\u00eddas de acordo com o cronograma de reten\u00e7\u00e3o de registros do Departamento. A DRE realiza auditorias peri\u00f3dicas para garantir que as pol\u00edticas e procedimentos adequados de gest\u00e3o da informa\u00e7\u00e3o est\u00e3o sendo seguidos.<\/p><p>A Calif\u00f3rnia \u00e9 o primeiro estado a ter uma ag\u00eancia dedicada a promover e proteger os direitos de privacidade dos consumidores.<\/p>\t\t\t\t\t\t\t\t<\/div>\n\t\t\t\t<\/div>\n\t\t\t\t<\/div>\n\t\t\t\t\t<\/div>\n\t\t\t\t<\/div>\n\t\t\t\t<\/div>\n\t\t","protected":false},"excerpt":{"rendered":"<p>Pol\u00edtica Imobili\u00e1ria da Calif\u00f3rnia Pol\u00edtica de Privacidade conforme lida em https:\/\/www.dre.ca.gov\/privacypolicy.html O Departamento de Im\u00f3veis da Calif\u00f3rnia est\u00e1 empenhado em proteger e servir os interesses do p\u00fablico em transa\u00e7\u00f5es imobili\u00e1rias e fornecer servi\u00e7os excelentes ao setor imobili\u00e1rio. A DRE tamb\u00e9m est\u00e1 comprometida em promover e proteger os direitos de privacidade dos indiv\u00edduos, conforme enumerado no [&hellip;]<\/p>\n","protected":false},"author":1,"featured_media":0,"parent":0,"menu_order":0,"comment_status":"closed","ping_status":"closed","template":"","meta":{"footnotes":""},"class_list":["post-3071","page","type-page","status-publish","hentry"],"yoast_head":"<!-- This site is optimized with the Yoast SEO plugin v27.2 - https:\/\/yoast.com\/product\/yoast-seo-wordpress\/ -->\n<title>Pol\u00edtica de Agentes Imobili\u00e1rios - Calif\u00f3rnia - Cristiane Jackson<\/title>\n<meta name=\"robots\" content=\"index, follow, max-snippet:-1, max-image-preview:large, max-video-preview:-1\" \/>\n<link rel=\"canonical\" href=\"https:\/\/cristianejackson.com\/pt\/politica-de-agentes-imobiliarios-california\/\" \/>\n<meta property=\"og:locale\" content=\"pt_BR\" \/>\n<meta property=\"og:type\" content=\"article\" \/>\n<meta property=\"og:title\" content=\"Pol\u00edtica de Agentes Imobili\u00e1rios - Calif\u00f3rnia - Cristiane Jackson\" \/>\n<meta property=\"og:description\" content=\"Pol\u00edtica Imobili\u00e1ria da Calif\u00f3rnia Pol\u00edtica de Privacidade conforme lida em https:\/\/www.dre.ca.gov\/privacypolicy.html O Departamento de Im\u00f3veis da Calif\u00f3rnia est\u00e1 empenhado em proteger e servir os interesses do p\u00fablico em transa\u00e7\u00f5es imobili\u00e1rias e fornecer servi\u00e7os excelentes ao setor imobili\u00e1rio. A DRE tamb\u00e9m est\u00e1 comprometida em promover e proteger os direitos de privacidade dos indiv\u00edduos, conforme enumerado no [&hellip;]\" \/>\n<meta property=\"og:url\" content=\"https:\/\/cristianejackson.com\/pt\/politica-de-agentes-imobiliarios-california\/\" \/>\n<meta property=\"og:site_name\" content=\"Cristiane Jackson\" \/>\n<meta property=\"article:modified_time\" content=\"2024-02-05T21:03:22+00:00\" \/>\n<meta name=\"twitter:card\" content=\"summary_large_image\" \/>\n<meta name=\"twitter:label1\" content=\"Est. tempo de leitura\" \/>\n\t<meta name=\"twitter:data1\" content=\"5 minutos\" \/>\n<script type=\"application\/ld+json\" class=\"yoast-schema-graph\">{\"@context\":\"https:\/\/schema.org\",\"@graph\":[{\"@type\":\"WebPage\",\"@id\":\"https:\/\/cristianejackson.com\/pt\/politica-de-agentes-imobiliarios-california\/\",\"url\":\"https:\/\/cristianejackson.com\/pt\/politica-de-agentes-imobiliarios-california\/\",\"name\":\"Pol\u00edtica de Agentes Imobili\u00e1rios - Calif\u00f3rnia - Cristiane Jackson\",\"isPartOf\":{\"@id\":\"https:\/\/cristianejackson.com\/pt\/#website\"},\"datePublished\":\"2024-02-04T20:44:44+00:00\",\"dateModified\":\"2024-02-05T21:03:22+00:00\",\"breadcrumb\":{\"@id\":\"https:\/\/cristianejackson.com\/pt\/politica-de-agentes-imobiliarios-california\/#breadcrumb\"},\"inLanguage\":\"pt-BR\",\"potentialAction\":[{\"@type\":\"ReadAction\",\"target\":[\"https:\/\/cristianejackson.com\/pt\/politica-de-agentes-imobiliarios-california\/\"]}]},{\"@type\":\"BreadcrumbList\",\"@id\":\"https:\/\/cristianejackson.com\/pt\/politica-de-agentes-imobiliarios-california\/#breadcrumb\",\"itemListElement\":[{\"@type\":\"ListItem\",\"position\":1,\"name\":\"Home\",\"item\":\"https:\/\/cristianejackson.com\/pt\/\"},{\"@type\":\"ListItem\",\"position\":2,\"name\":\"Pol\u00edtica de Agentes Imobili\u00e1rios &#8211; Calif\u00f3rnia\"}]},{\"@type\":\"WebSite\",\"@id\":\"https:\/\/cristianejackson.com\/pt\/#website\",\"url\":\"https:\/\/cristianejackson.com\/pt\/\",\"name\":\"Cristiane Jackson\",\"description\":\"Real Estate Agent\",\"potentialAction\":[{\"@type\":\"SearchAction\",\"target\":{\"@type\":\"EntryPoint\",\"urlTemplate\":\"https:\/\/cristianejackson.com\/pt\/?s={search_term_string}\"},\"query-input\":{\"@type\":\"PropertyValueSpecification\",\"valueRequired\":true,\"valueName\":\"search_term_string\"}}],\"inLanguage\":\"pt-BR\"}]}<\/script>\n<!-- \/ Yoast SEO plugin. -->","yoast_head_json":{"title":"Pol\u00edtica de Agentes Imobili\u00e1rios - Calif\u00f3rnia - Cristiane Jackson","robots":{"index":"index","follow":"follow","max-snippet":"max-snippet:-1","max-image-preview":"max-image-preview:large","max-video-preview":"max-video-preview:-1"},"canonical":"https:\/\/cristianejackson.com\/pt\/politica-de-agentes-imobiliarios-california\/","og_locale":"pt_BR","og_type":"article","og_title":"Pol\u00edtica de Agentes Imobili\u00e1rios - Calif\u00f3rnia - Cristiane Jackson","og_description":"Pol\u00edtica Imobili\u00e1ria da Calif\u00f3rnia Pol\u00edtica de Privacidade conforme lida em https:\/\/www.dre.ca.gov\/privacypolicy.html O Departamento de Im\u00f3veis da Calif\u00f3rnia est\u00e1 empenhado em proteger e servir os interesses do p\u00fablico em transa\u00e7\u00f5es imobili\u00e1rias e fornecer servi\u00e7os excelentes ao setor imobili\u00e1rio. A DRE tamb\u00e9m est\u00e1 comprometida em promover e proteger os direitos de privacidade dos indiv\u00edduos, conforme enumerado no [&hellip;]","og_url":"https:\/\/cristianejackson.com\/pt\/politica-de-agentes-imobiliarios-california\/","og_site_name":"Cristiane Jackson","article_modified_time":"2024-02-05T21:03:22+00:00","twitter_card":"summary_large_image","twitter_misc":{"Est. tempo de leitura":"5 minutos"},"schema":{"@context":"https:\/\/schema.org","@graph":[{"@type":"WebPage","@id":"https:\/\/cristianejackson.com\/pt\/politica-de-agentes-imobiliarios-california\/","url":"https:\/\/cristianejackson.com\/pt\/politica-de-agentes-imobiliarios-california\/","name":"Pol\u00edtica de Agentes Imobili\u00e1rios - Calif\u00f3rnia - Cristiane Jackson","isPartOf":{"@id":"https:\/\/cristianejackson.com\/pt\/#website"},"datePublished":"2024-02-04T20:44:44+00:00","dateModified":"2024-02-05T21:03:22+00:00","breadcrumb":{"@id":"https:\/\/cristianejackson.com\/pt\/politica-de-agentes-imobiliarios-california\/#breadcrumb"},"inLanguage":"pt-BR","potentialAction":[{"@type":"ReadAction","target":["https:\/\/cristianejackson.com\/pt\/politica-de-agentes-imobiliarios-california\/"]}]},{"@type":"BreadcrumbList","@id":"https:\/\/cristianejackson.com\/pt\/politica-de-agentes-imobiliarios-california\/#breadcrumb","itemListElement":[{"@type":"ListItem","position":1,"name":"Home","item":"https:\/\/cristianejackson.com\/pt\/"},{"@type":"ListItem","position":2,"name":"Pol\u00edtica de Agentes Imobili\u00e1rios &#8211; Calif\u00f3rnia"}]},{"@type":"WebSite","@id":"https:\/\/cristianejackson.com\/pt\/#website","url":"https:\/\/cristianejackson.com\/pt\/","name":"Cristiane Jackson","description":"Real Estate Agent","potentialAction":[{"@type":"SearchAction","target":{"@type":"EntryPoint","urlTemplate":"https:\/\/cristianejackson.com\/pt\/?s={search_term_string}"},"query-input":{"@type":"PropertyValueSpecification","valueRequired":true,"valueName":"search_term_string"}}],"inLanguage":"pt-BR"}]}},"_links":{"self":[{"href":"https:\/\/cristianejackson.com\/pt\/wp-json\/wp\/v2\/pages\/3071","targetHints":{"allow":["GET"]}}],"collection":[{"href":"https:\/\/cristianejackson.com\/pt\/wp-json\/wp\/v2\/pages"}],"about":[{"href":"https:\/\/cristianejackson.com\/pt\/wp-json\/wp\/v2\/types\/page"}],"author":[{"embeddable":true,"href":"https:\/\/cristianejackson.com\/pt\/wp-json\/wp\/v2\/users\/1"}],"replies":[{"embeddable":true,"href":"https:\/\/cristianejackson.com\/pt\/wp-json\/wp\/v2\/comments?post=3071"}],"version-history":[{"count":11,"href":"https:\/\/cristianejackson.com\/pt\/wp-json\/wp\/v2\/pages\/3071\/revisions"}],"predecessor-version":[{"id":3284,"href":"https:\/\/cristianejackson.com\/pt\/wp-json\/wp\/v2\/pages\/3071\/revisions\/3284"}],"wp:attachment":[{"href":"https:\/\/cristianejackson.com\/pt\/wp-json\/wp\/v2\/media?parent=3071"}],"curies":[{"name":"wp","href":"https:\/\/api.w.org\/{rel}","templated":true}]}}