{"id":3079,"date":"2024-02-04T20:44:44","date_gmt":"2024-02-04T20:44:44","guid":{"rendered":"https:\/\/cristianejackson.com\/es\/?page_id=3079"},"modified":"2024-02-06T20:18:05","modified_gmt":"2024-02-06T20:18:05","slug":"politica-de-cookies","status":"publish","type":"page","link":"https:\/\/cristianejackson.com\/es\/politica-de-cookies\/","title":{"rendered":"Pol\u00edtica de Cookies"},"content":{"rendered":"\t\t<div data-elementor-type=\"wp-page\" data-elementor-id=\"3079\" class=\"elementor elementor-3079\" data-elementor-post-type=\"page\">\n\t\t\t\t\t\t<section class=\"elementor-section elementor-top-section elementor-element elementor-element-7fd4190 elementor-section-full_width elementor-section-height-full elementor-section-items-bottom elementor-section-height-default\" data-id=\"7fd4190\" data-element_type=\"section\" data-e-type=\"section\" data-settings=\"{&quot;background_background&quot;:&quot;slideshow&quot;,&quot;background_slideshow_gallery&quot;:[{&quot;id&quot;:1073,&quot;url&quot;:&quot;https:\\\/\\\/cristianejackson.com\\\/es\\\/wp-content\\\/uploads\\\/2024\\\/01\\\/almaden-valley.webp&quot;},{&quot;id&quot;:1220,&quot;url&quot;:&quot;https:\\\/\\\/cristianejackson.com\\\/es\\\/wp-content\\\/uploads\\\/2024\\\/01\\\/campbell-campbell-ca-5.webp&quot;},{&quot;id&quot;:1047,&quot;url&quot;:&quot;https:\\\/\\\/cristianejackson.com\\\/es\\\/wp-content\\\/uploads\\\/2024\\\/01\\\/LOS-ALTOS.webp&quot;},{&quot;id&quot;:1511,&quot;url&quot;:&quot;https:\\\/\\\/cristianejackson.com\\\/es\\\/wp-content\\\/uploads\\\/2024\\\/01\\\/Buy.jpg&quot;},{&quot;id&quot;:840,&quot;url&quot;:&quot;https:\\\/\\\/cristianejackson.com\\\/es\\\/wp-content\\\/uploads\\\/2024\\\/01\\\/9927-night-heron-way-elk-grove-ca-primaryphoto.jpg&quot;}],&quot;background_slideshow_transition_duration&quot;:3000,&quot;background_slideshow_ken_burns&quot;:&quot;yes&quot;,&quot;background_slideshow_ken_burns_zoom_direction&quot;:&quot;out&quot;,&quot;background_slideshow_loop&quot;:&quot;yes&quot;,&quot;background_slideshow_slide_duration&quot;:5000,&quot;background_slideshow_slide_transition&quot;:&quot;fade&quot;}\">\n\t\t\t\t\t\t\t<div class=\"elementor-background-overlay\"><\/div>\n\t\t\t\t\t\t\t<div class=\"elementor-container elementor-column-gap-default\">\n\t\t\t\t\t<div class=\"elementor-column elementor-col-100 elementor-top-column elementor-element elementor-element-8164c90\" data-id=\"8164c90\" data-element_type=\"column\" data-e-type=\"column\">\n\t\t\t<div class=\"elementor-widget-wrap elementor-element-populated\">\n\t\t\t\t<div class=\"elementor-element elementor-element-9c3320c e-flex e-con-boxed e-con e-parent\" data-id=\"9c3320c\" data-element_type=\"container\" data-e-type=\"container\">\n\t\t\t\t\t<div class=\"e-con-inner\">\n\t\t<div class=\"elementor-element elementor-element-eb8f57e e-flex e-con-boxed e-con e-child\" data-id=\"eb8f57e\" data-element_type=\"container\" data-e-type=\"container\">\n\t\t\t\t\t<div class=\"e-con-inner\">\n\t\t\t\t<div class=\"elementor-element elementor-element-68182a3 elementor-widget elementor-widget-hub_fancy_heading\" data-id=\"68182a3\" data-element_type=\"widget\" data-e-type=\"widget\" data-widget_type=\"hub_fancy_heading.default\">\n\t\t\t\t<div class=\"elementor-widget-container\">\n\t\t\t\t\t\n\t\t<div id=\"ld-fancy-heading-69ea3f1c766c5\" class=\"ld-fancy-heading pos-rel\">\n\t\t\t<h1 class=\"ld-fh-element d-inline-block pos-rel  elementor-heading-title ws-nowrap lqd-highlight-classic lqd-highlight-grow-left h1\"  > Pol\u00edtica de Cookies<\/h1>\t\t<\/div>\n\n\t\t\t\t\t\t<\/div>\n\t\t\t\t<\/div>\n\t\t\t\t<div class=\"elementor-element elementor-element-e3fb53d elementor-align-right elementor-widget__width-inherit elementor-hidden-mobile elementor-widget elementor-widget-ld_button\" data-id=\"e3fb53d\" data-element_type=\"widget\" data-e-type=\"widget\" data-widget_type=\"ld_button.default\">\n\t\t\t\t<div class=\"elementor-widget-container\">\n\t\t\t\t\t\n\t\t<a  href=\"#services\" class=\"elementor-button btn align-items-center justify-content-center pos-rel overflow-hidden ws-nowrap btn-solid btn-hover-txt-liquid-x btn-icon-right btn-no-label\" data-localscroll=\"true\" data-localscroll-options=\"{&quot;scrollSpeed&quot;:&quot;2000&quot;}\" >\n\t\t\t\t\t\t\t\t\t\t\t<span class=\"btn-icon pos-rel z-index-3\">\n\t\t\t\t\t\t<i aria-hidden=\"true\" class=\"lqd-icn-ess icon-ion-ios-arrow-round-down\"><\/i>\t\t\t\t\t<\/span>\n\t\t\t\t\t\t\t<\/a>\n\n\t\t\t\t\t\t<\/div>\n\t\t\t\t<\/div>\n\t\t\t\t\t<\/div>\n\t\t\t\t<\/div>\n\t\t\t\t\t<\/div>\n\t\t\t\t<\/div>\n\t\t\t\t\t<\/div>\n\t\t<\/div>\n\t\t\t\t\t<\/div>\n\t\t<\/section>\n\t\t<div class=\"elementor-element elementor-element-fdbe4e7 e-flex e-con-boxed e-con e-parent\" data-id=\"fdbe4e7\" data-element_type=\"container\" data-e-type=\"container\">\n\t\t\t\t\t<div class=\"e-con-inner\">\n\t\t<div class=\"elementor-element elementor-element-51bdd52 e-con-full e-flex e-con e-child\" data-id=\"51bdd52\" data-element_type=\"container\" data-e-type=\"container\">\n\t\t\t\t<\/div>\n\t\t<div class=\"elementor-element elementor-element-a59b481 e-con-full e-flex e-con e-child\" data-id=\"a59b481\" data-element_type=\"container\" data-e-type=\"container\">\n\t\t\t\t<\/div>\n\t\t<div class=\"elementor-element elementor-element-2a46d7b e-con-full e-flex e-con e-child\" data-id=\"2a46d7b\" data-element_type=\"container\" data-e-type=\"container\">\n\t\t\t\t<\/div>\n\t\t<div class=\"elementor-element elementor-element-5103e5b e-con-full e-flex e-con e-child\" data-id=\"5103e5b\" data-element_type=\"container\" data-e-type=\"container\">\n\t\t\t\t<div class=\"elementor-element elementor-element-808aa64 elementor-widget elementor-widget-text-editor\" data-id=\"808aa64\" data-element_type=\"widget\" data-e-type=\"widget\" data-widget_type=\"text-editor.default\">\n\t\t\t\t<div class=\"elementor-widget-container\">\n\t\t\t\t\t\t\t\t\t<p><em><strong>\u00daltima actualizaci\u00f3n: 02\/04\/2024<\/strong><\/em><\/p><p><strong>Introducci\u00f3n<\/strong><\/p><p>Bienvenido al sitio web del agente inmobiliario de Cristiane Jackson (\u00abus,\u00bb \u00abwe,\u00bb or \u00abour\u00bb). Esta p\u00e1gina le informa de nuestras pol\u00edticas relativas al uso de cookies en nuestro sitio web, www.cristianejackson.com (the \u00abSite\u00bb).<\/p><p><strong>\u00bfQu\u00e9 son las Cookies?<\/strong><\/p><p>Las cookies son peque\u00f1as piezas de texto enviadas por su navegador web por un sitio web que visita. Un archivo de cookies se almacena en su navegador web y permite al Sitio o a un tercero reconocerle y hacer que su pr\u00f3xima visita sea m\u00e1s f\u00e1cil y m\u00e1s \u00fatil para usted.<\/p><p>Las cookies pueden ser cookies \u00abpersistentes\u00bb o \u00abde sesi\u00f3n\u00bb. Las cookies persistentes permanecen en su ordenador personal o dispositivo m\u00f3vil cuando se vaya fuera de l\u00ednea, mientras que las cookies de sesi\u00f3n se borran tan pronto como cierre su navegador web.<\/p><p><strong>C\u00f3mo utilizamos las cookies<\/strong><\/p><p>Cuando utiliza y accede a nuestro Sitio, podemos colocar varios archivos de cookies en su navegador web. Utilizamos cookies para los siguientes fines:<\/p><p>&#8211; Para habilitar ciertas funciones del Sitio &#8211; Para proporcionar an\u00e1lisis &#8211; Para almacenar sus preferencias<br \/>&#8211; Para permitir la entrega de publicidad, incluida la publicidad comportamental<\/p><p>Utilizamos cookies de sesi\u00f3n y persistentes en nuestro Sitio, y utilizamos diferentes tipos de cookies para ejecutar el Sitio.<\/p><p><strong>Cookies de terceros<\/strong><\/p><p>Adem\u00e1s de nuestras propias cookies, tambi\u00e9n podemos utilizar varias cookies de terceros para informar estad\u00edsticas de uso del Sitio y ofrecer publicidad dirigida.<\/p><p><strong>Sus opciones con respecto a las cookies<\/strong><\/p><p>Si desea borrar las cookies o instruir a su navegador web a eliminar o rechazar las cookies, por favor visite las p\u00e1ginas de ayuda de su explorador web. Tenga en cuenta que si elimina las cookies o se niega a aceptarlas, es posible que no pueda utilizar todas las funciones que ofrecemos, no pueda almacenar sus preferencias y algunas de nuestras p\u00e1ginas pueden no mostrarse correctamente.<\/p><p><strong>Cambios a esta Pol\u00edtica de Cookies<\/strong><\/p><p>Podemos actualizar nuestra Pol\u00edtica de Cookies de vez en cuando. Le notificaremos cualquier cambio publicando la nueva Pol\u00edtica de Cookies en esta p\u00e1gina.<\/p><p><strong>Contacta con nosotros<\/strong><\/p><p>Si tiene alguna pregunta sobre esta Pol\u00edtica de Cookies, p\u00f3ngase en contacto con nosotros a <a href=\"mailto:crisjackson@intero.com\"><span style=\"text-decoration: underline;\">crisjackson@intero.com<\/span><\/a><\/p>\t\t\t\t\t\t\t\t<\/div>\n\t\t\t\t<\/div>\n\t\t\t\t<\/div>\n\t\t\t\t\t<\/div>\n\t\t\t\t<\/div>\n\t\t\t\t<\/div>\n\t\t","protected":false},"excerpt":{"rendered":"<p>Pol\u00edtica de Cookies \u00daltima actualizaci\u00f3n: 02\/04\/2024 Introducci\u00f3n Bienvenido al sitio web del agente inmobiliario de Cristiane Jackson (\u00abus,\u00bb \u00abwe,\u00bb or \u00abour\u00bb). Esta p\u00e1gina le informa de nuestras pol\u00edticas relativas al uso de cookies en nuestro sitio web, www.cristianejackson.com (the \u00abSite\u00bb). \u00bfQu\u00e9 son las Cookies? Las cookies son peque\u00f1as piezas de texto enviadas por su navegador [&hellip;]<\/p>\n","protected":false},"author":1,"featured_media":0,"parent":0,"menu_order":0,"comment_status":"closed","ping_status":"closed","template":"","meta":{"footnotes":""},"class_list":["post-3079","page","type-page","status-publish","hentry"],"yoast_head":"<!-- This site is optimized with the Yoast SEO plugin v27.2 - https:\/\/yoast.com\/product\/yoast-seo-wordpress\/ -->\n<title>Pol\u00edtica de Cookies - Cristiane Jackson<\/title>\n<meta name=\"robots\" content=\"index, follow, max-snippet:-1, max-image-preview:large, max-video-preview:-1\" \/>\n<link rel=\"canonical\" href=\"https:\/\/cristianejackson.com\/es\/politica-de-cookies\/\" \/>\n<meta property=\"og:locale\" content=\"es_ES\" \/>\n<meta property=\"og:type\" content=\"article\" \/>\n<meta property=\"og:title\" content=\"Pol\u00edtica de Cookies - Cristiane Jackson\" \/>\n<meta property=\"og:description\" content=\"Pol\u00edtica de Cookies \u00daltima actualizaci\u00f3n: 02\/04\/2024 Introducci\u00f3n Bienvenido al sitio web del agente inmobiliario de Cristiane Jackson (\u00abus,\u00bb \u00abwe,\u00bb or \u00abour\u00bb). Esta p\u00e1gina le informa de nuestras pol\u00edticas relativas al uso de cookies en nuestro sitio web, www.cristianejackson.com (the \u00abSite\u00bb). \u00bfQu\u00e9 son las Cookies? Las cookies son peque\u00f1as piezas de texto enviadas por su navegador [&hellip;]\" \/>\n<meta property=\"og:url\" content=\"https:\/\/cristianejackson.com\/es\/politica-de-cookies\/\" \/>\n<meta property=\"og:site_name\" content=\"Cristiane Jackson\" \/>\n<meta property=\"article:modified_time\" content=\"2024-02-06T20:18:05+00:00\" \/>\n<meta name=\"twitter:card\" content=\"summary_large_image\" \/>\n<meta name=\"twitter:label1\" content=\"Tiempo de lectura\" \/>\n\t<meta name=\"twitter:data1\" content=\"2 minutos\" \/>\n<script type=\"application\/ld+json\" class=\"yoast-schema-graph\">{\"@context\":\"https:\/\/schema.org\",\"@graph\":[{\"@type\":\"WebPage\",\"@id\":\"https:\/\/cristianejackson.com\/es\/politica-de-cookies\/\",\"url\":\"https:\/\/cristianejackson.com\/es\/politica-de-cookies\/\",\"name\":\"Pol\u00edtica de Cookies - Cristiane Jackson\",\"isPartOf\":{\"@id\":\"https:\/\/cristianejackson.com\/es\/#website\"},\"datePublished\":\"2024-02-04T20:44:44+00:00\",\"dateModified\":\"2024-02-06T20:18:05+00:00\",\"breadcrumb\":{\"@id\":\"https:\/\/cristianejackson.com\/es\/politica-de-cookies\/#breadcrumb\"},\"inLanguage\":\"es\",\"potentialAction\":[{\"@type\":\"ReadAction\",\"target\":[\"https:\/\/cristianejackson.com\/es\/politica-de-cookies\/\"]}]},{\"@type\":\"BreadcrumbList\",\"@id\":\"https:\/\/cristianejackson.com\/es\/politica-de-cookies\/#breadcrumb\",\"itemListElement\":[{\"@type\":\"ListItem\",\"position\":1,\"name\":\"Home\",\"item\":\"https:\/\/cristianejackson.com\/es\/\"},{\"@type\":\"ListItem\",\"position\":2,\"name\":\"Pol\u00edtica de Cookies\"}]},{\"@type\":\"WebSite\",\"@id\":\"https:\/\/cristianejackson.com\/es\/#website\",\"url\":\"https:\/\/cristianejackson.com\/es\/\",\"name\":\"Cristiane Jackson\",\"description\":\"Real Estate Agent\",\"potentialAction\":[{\"@type\":\"SearchAction\",\"target\":{\"@type\":\"EntryPoint\",\"urlTemplate\":\"https:\/\/cristianejackson.com\/es\/?s={search_term_string}\"},\"query-input\":{\"@type\":\"PropertyValueSpecification\",\"valueRequired\":true,\"valueName\":\"search_term_string\"}}],\"inLanguage\":\"es\"}]}<\/script>\n<!-- \/ Yoast SEO plugin. -->","yoast_head_json":{"title":"Pol\u00edtica de Cookies - Cristiane Jackson","robots":{"index":"index","follow":"follow","max-snippet":"max-snippet:-1","max-image-preview":"max-image-preview:large","max-video-preview":"max-video-preview:-1"},"canonical":"https:\/\/cristianejackson.com\/es\/politica-de-cookies\/","og_locale":"es_ES","og_type":"article","og_title":"Pol\u00edtica de Cookies - Cristiane Jackson","og_description":"Pol\u00edtica de Cookies \u00daltima actualizaci\u00f3n: 02\/04\/2024 Introducci\u00f3n Bienvenido al sitio web del agente inmobiliario de Cristiane Jackson (\u00abus,\u00bb \u00abwe,\u00bb or \u00abour\u00bb). Esta p\u00e1gina le informa de nuestras pol\u00edticas relativas al uso de cookies en nuestro sitio web, www.cristianejackson.com (the \u00abSite\u00bb). \u00bfQu\u00e9 son las Cookies? Las cookies son peque\u00f1as piezas de texto enviadas por su navegador [&hellip;]","og_url":"https:\/\/cristianejackson.com\/es\/politica-de-cookies\/","og_site_name":"Cristiane Jackson","article_modified_time":"2024-02-06T20:18:05+00:00","twitter_card":"summary_large_image","twitter_misc":{"Tiempo de lectura":"2 minutos"},"schema":{"@context":"https:\/\/schema.org","@graph":[{"@type":"WebPage","@id":"https:\/\/cristianejackson.com\/es\/politica-de-cookies\/","url":"https:\/\/cristianejackson.com\/es\/politica-de-cookies\/","name":"Pol\u00edtica de Cookies - Cristiane Jackson","isPartOf":{"@id":"https:\/\/cristianejackson.com\/es\/#website"},"datePublished":"2024-02-04T20:44:44+00:00","dateModified":"2024-02-06T20:18:05+00:00","breadcrumb":{"@id":"https:\/\/cristianejackson.com\/es\/politica-de-cookies\/#breadcrumb"},"inLanguage":"es","potentialAction":[{"@type":"ReadAction","target":["https:\/\/cristianejackson.com\/es\/politica-de-cookies\/"]}]},{"@type":"BreadcrumbList","@id":"https:\/\/cristianejackson.com\/es\/politica-de-cookies\/#breadcrumb","itemListElement":[{"@type":"ListItem","position":1,"name":"Home","item":"https:\/\/cristianejackson.com\/es\/"},{"@type":"ListItem","position":2,"name":"Pol\u00edtica de Cookies"}]},{"@type":"WebSite","@id":"https:\/\/cristianejackson.com\/es\/#website","url":"https:\/\/cristianejackson.com\/es\/","name":"Cristiane Jackson","description":"Real Estate Agent","potentialAction":[{"@type":"SearchAction","target":{"@type":"EntryPoint","urlTemplate":"https:\/\/cristianejackson.com\/es\/?s={search_term_string}"},"query-input":{"@type":"PropertyValueSpecification","valueRequired":true,"valueName":"search_term_string"}}],"inLanguage":"es"}]}},"_links":{"self":[{"href":"https:\/\/cristianejackson.com\/es\/wp-json\/wp\/v2\/pages\/3079","targetHints":{"allow":["GET"]}}],"collection":[{"href":"https:\/\/cristianejackson.com\/es\/wp-json\/wp\/v2\/pages"}],"about":[{"href":"https:\/\/cristianejackson.com\/es\/wp-json\/wp\/v2\/types\/page"}],"author":[{"embeddable":true,"href":"https:\/\/cristianejackson.com\/es\/wp-json\/wp\/v2\/users\/1"}],"replies":[{"embeddable":true,"href":"https:\/\/cristianejackson.com\/es\/wp-json\/wp\/v2\/comments?post=3079"}],"version-history":[{"count":14,"href":"https:\/\/cristianejackson.com\/es\/wp-json\/wp\/v2\/pages\/3079\/revisions"}],"predecessor-version":[{"id":3431,"href":"https:\/\/cristianejackson.com\/es\/wp-json\/wp\/v2\/pages\/3079\/revisions\/3431"}],"wp:attachment":[{"href":"https:\/\/cristianejackson.com\/es\/wp-json\/wp\/v2\/media?parent=3079"}],"curies":[{"name":"wp","href":"https:\/\/api.w.org\/{rel}","templated":true}]}}