{"id":3071,"date":"2024-02-04T20:44:44","date_gmt":"2024-02-04T20:44:44","guid":{"rendered":"https:\/\/cristianejackson.com\/es\/?page_id=3071"},"modified":"2024-02-05T21:49:53","modified_gmt":"2024-02-05T21:49:53","slug":"california-privacy-policy","status":"publish","type":"page","link":"https:\/\/cristianejackson.com\/es\/california-privacy-policy\/","title":{"rendered":"Pol\u00edtica inmobiliaria de California"},"content":{"rendered":"\t\t<div data-elementor-type=\"wp-page\" data-elementor-id=\"3071\" class=\"elementor elementor-3071\" data-elementor-post-type=\"page\">\n\t\t\t\t\t\t<section class=\"elementor-section elementor-top-section elementor-element elementor-element-7fd4190 elementor-section-full_width elementor-section-height-full elementor-section-items-bottom elementor-section-height-default\" data-id=\"7fd4190\" data-element_type=\"section\" data-e-type=\"section\" data-settings=\"{&quot;background_background&quot;:&quot;slideshow&quot;,&quot;background_slideshow_gallery&quot;:[{&quot;id&quot;:1073,&quot;url&quot;:&quot;https:\\\/\\\/cristianejackson.com\\\/es\\\/wp-content\\\/uploads\\\/2024\\\/01\\\/almaden-valley.webp&quot;},{&quot;id&quot;:1220,&quot;url&quot;:&quot;https:\\\/\\\/cristianejackson.com\\\/es\\\/wp-content\\\/uploads\\\/2024\\\/01\\\/campbell-campbell-ca-5.webp&quot;},{&quot;id&quot;:1047,&quot;url&quot;:&quot;https:\\\/\\\/cristianejackson.com\\\/es\\\/wp-content\\\/uploads\\\/2024\\\/01\\\/LOS-ALTOS.webp&quot;},{&quot;id&quot;:1511,&quot;url&quot;:&quot;https:\\\/\\\/cristianejackson.com\\\/es\\\/wp-content\\\/uploads\\\/2024\\\/01\\\/Buy.jpg&quot;},{&quot;id&quot;:840,&quot;url&quot;:&quot;https:\\\/\\\/cristianejackson.com\\\/es\\\/wp-content\\\/uploads\\\/2024\\\/01\\\/9927-night-heron-way-elk-grove-ca-primaryphoto.jpg&quot;}],&quot;background_slideshow_transition_duration&quot;:3000,&quot;background_slideshow_ken_burns&quot;:&quot;yes&quot;,&quot;background_slideshow_ken_burns_zoom_direction&quot;:&quot;out&quot;,&quot;background_slideshow_loop&quot;:&quot;yes&quot;,&quot;background_slideshow_slide_duration&quot;:5000,&quot;background_slideshow_slide_transition&quot;:&quot;fade&quot;}\">\n\t\t\t\t\t\t\t<div class=\"elementor-background-overlay\"><\/div>\n\t\t\t\t\t\t\t<div class=\"elementor-container elementor-column-gap-default\">\n\t\t\t\t\t<div class=\"elementor-column elementor-col-100 elementor-top-column elementor-element elementor-element-8164c90\" data-id=\"8164c90\" data-element_type=\"column\" data-e-type=\"column\">\n\t\t\t<div class=\"elementor-widget-wrap elementor-element-populated\">\n\t\t\t\t<div class=\"elementor-element elementor-element-9c3320c e-flex e-con-boxed e-con e-parent\" data-id=\"9c3320c\" data-element_type=\"container\" data-e-type=\"container\">\n\t\t\t\t\t<div class=\"e-con-inner\">\n\t\t<div class=\"elementor-element elementor-element-eb8f57e e-flex e-con-boxed e-con e-child\" data-id=\"eb8f57e\" data-element_type=\"container\" data-e-type=\"container\">\n\t\t\t\t\t<div class=\"e-con-inner\">\n\t\t\t\t<div class=\"elementor-element elementor-element-68182a3 elementor-widget elementor-widget-hub_fancy_heading\" data-id=\"68182a3\" data-element_type=\"widget\" data-e-type=\"widget\" data-widget_type=\"hub_fancy_heading.default\">\n\t\t\t\t<div class=\"elementor-widget-container\">\n\t\t\t\t\t\n\t\t<div id=\"ld-fancy-heading-69ea3f05df07f\" class=\"ld-fancy-heading pos-rel\">\n\t\t\t<h1 class=\"ld-fh-element d-inline-block pos-rel  elementor-heading-title ws-nowrap lqd-highlight-classic lqd-highlight-grow-left h1\"  > Pol\u00edtica inmobiliaria de California<\/h1>\t\t<\/div>\n\n\t\t\t\t\t\t<\/div>\n\t\t\t\t<\/div>\n\t\t\t\t<div class=\"elementor-element elementor-element-e3fb53d elementor-align-right elementor-widget__width-inherit elementor-hidden-mobile elementor-widget elementor-widget-ld_button\" data-id=\"e3fb53d\" data-element_type=\"widget\" data-e-type=\"widget\" data-widget_type=\"ld_button.default\">\n\t\t\t\t<div class=\"elementor-widget-container\">\n\t\t\t\t\t\n\t\t<a  href=\"#services\" class=\"elementor-button btn align-items-center justify-content-center pos-rel overflow-hidden ws-nowrap btn-solid btn-hover-txt-liquid-x btn-icon-right btn-no-label\" data-localscroll=\"true\" data-localscroll-options=\"{&quot;scrollSpeed&quot;:&quot;2000&quot;}\" >\n\t\t\t\t\t\t\t\t\t\t\t<span class=\"btn-icon pos-rel z-index-3\">\n\t\t\t\t\t\t<i aria-hidden=\"true\" class=\"lqd-icn-ess icon-ion-ios-arrow-round-down\"><\/i>\t\t\t\t\t<\/span>\n\t\t\t\t\t\t\t<\/a>\n\n\t\t\t\t\t\t<\/div>\n\t\t\t\t<\/div>\n\t\t\t\t\t<\/div>\n\t\t\t\t<\/div>\n\t\t\t\t\t<\/div>\n\t\t\t\t<\/div>\n\t\t\t\t\t<\/div>\n\t\t<\/div>\n\t\t\t\t\t<\/div>\n\t\t<\/section>\n\t\t<div class=\"elementor-element elementor-element-fdbe4e7 e-flex e-con-boxed e-con e-parent\" data-id=\"fdbe4e7\" data-element_type=\"container\" data-e-type=\"container\">\n\t\t\t\t\t<div class=\"e-con-inner\">\n\t\t<div class=\"elementor-element elementor-element-51bdd52 e-con-full e-flex e-con e-child\" data-id=\"51bdd52\" data-element_type=\"container\" data-e-type=\"container\">\n\t\t\t\t<\/div>\n\t\t<div class=\"elementor-element elementor-element-a59b481 e-con-full e-flex e-con e-child\" data-id=\"a59b481\" data-element_type=\"container\" data-e-type=\"container\">\n\t\t\t\t<\/div>\n\t\t<div class=\"elementor-element elementor-element-2a46d7b e-con-full e-flex e-con e-child\" data-id=\"2a46d7b\" data-element_type=\"container\" data-e-type=\"container\">\n\t\t\t\t<\/div>\n\t\t<div class=\"elementor-element elementor-element-5103e5b e-con-full e-flex e-con e-child\" data-id=\"5103e5b\" data-element_type=\"container\" data-e-type=\"container\">\n\t\t\t\t<div class=\"elementor-element elementor-element-808aa64 elementor-widget elementor-widget-text-editor\" data-id=\"808aa64\" data-element_type=\"widget\" data-e-type=\"widget\" data-widget_type=\"text-editor.default\">\n\t\t\t\t<div class=\"elementor-widget-container\">\n\t\t\t\t\t\t\t\t\t<p>Pol\u00edtica de privacidad como se lee en <a href=\"https:\/\/www.dre.ca.gov\/privacypolicy.html\">https:\/\/www.dre.ca.gov\/privacypolicy.html<\/a><\/p><p>El Departamento de Bienes Ra\u00edces de California est\u00e1 comprometido a proteger y servir a los intereses del p\u00fablico en las transacciones inmobiliarias y prestar servicios en\u00e9rgicos a la industria inmobiliaria.<\/p><p>El DRE tambi\u00e9n se compromete a promover y proteger los derechos de privacidad de las personas, enumerados en el art\u00edculo 1 de la Constituci\u00f3n de California, la Ley de pr\u00e1cticas de informaci\u00f3n de 1977, y otros estatutos estatales y federales.<\/p><p>Es la pol\u00edtica del Departamento de Bienes Ra\u00edces proteger la privacidad de la informaci\u00f3n personal recopilada o mantenida por el DRE.<\/p><p>Las pr\u00e1cticas de gesti\u00f3n de la informaci\u00f3n del Departamento est\u00e1n en consonancia con la Ley de pr\u00e1cticas de informaci\u00f3n (art\u00edculo 1798 y siguientes del C\u00f3digo Civil), la ley de registros p\u00fablicos (art. 6250 y siguientes), las secciones 11015.5 y 11019.9 del c\u00f3digo gubernamental y con otras leyes aplicables relativas a la privacidad de las informaciones.<\/p><p>Debe ser consciente de que parte de la informaci\u00f3n o la correspondencia que proporcione al DRE se convierte en un registro p\u00fablico y puede ser objeto de divulgaci\u00f3n a cualquiera que lo solicite en virtud de la Ley de Registros P\u00fablicos del Estado (Secci\u00f3n 6250 del C\u00f3digo del Gobierno, etc.); a otro organismo gubernamental como lo exige la ley del estado o la ley federal; y\/o en respuesta a una orden judicial o administrativa, una cita o una orden de b\u00fasqueda.<\/p><p><strong>El DRE sigue estos principios en la recopilaci\u00f3n y gesti\u00f3n de la informaci\u00f3n personal:<\/strong><\/p><p>Recopilamos informaci\u00f3n que es relevante y necesaria &#8211; Limitamos la recopilaci\u00f3n de informaci\u00f3n personal y p\u00fablica a lo que es necesario para cumplir el prop\u00f3sito leg\u00edtimo del DRE. Por ejemplo, necesitamos conocer la direcci\u00f3n de alguien, n\u00famero de tel\u00e9fono, fecha de nacimiento y n\u00famero de seguridad social, entre otras cosas, para identificar adecuadamente a la persona antes de emitir una licencia inmobiliaria.<br \/>Tambi\u00e9n recopilamos pruebas pertinentes como parte de una investigaci\u00f3n de una transacci\u00f3n inmobiliaria, en el marco de una verificaci\u00f3n de antecedentes penales del solicitante o de la licencia, y obtenemos informaci\u00f3n financiera en el contexto de una auditor\u00eda de una operaci\u00f3n de corredores inmobiliarios. La informaci\u00f3n personal, tal como se define en la Ley de pr\u00e1cticas de informaci\u00f3n, es informaci\u00f3n que identifica o describe a una persona, incluyendo, nombre, n\u00famero de seguridad social, descripci\u00f3n f\u00edsica, direcci\u00f3n de domicilio, tel\u00e9fono de casa, educaci\u00f3n, asuntos financieros, y antecedentes m\u00e9dicos o de empleo.<\/p><p>Utilizamos la informaci\u00f3n \u00fanicamente para los fines especificados, o por razones consistentes con esos fines, a menos que obtengamos el consentimiento del individuo, o a excepci\u00f3n de lo exigido por la ley o la reglamentaci\u00f3n &#8211; La Ley de Registros P\u00fablicos existe para garantizar que el gobierno sea abierto y que el p\u00fablico tenga derecho a tener acceso a los registros y a la informaci\u00f3n pertinentes que posee el gobierno estatal. Al mismo tiempo, existen excepciones en las leyes estatales y federales al derecho del p\u00fablico a acceder a los registros p\u00fablicos. Estas excepciones sirven a diversas necesidades, incluido el mantenimiento de la privacidad de los individuos. En caso de conflicto entre esta Pol\u00edtica y la Ley de Registros P\u00fablicos, la Ley sobre Pr\u00e1cticas de Informaci\u00f3n u otra ley que rige la divulgaci\u00f3n de registros, la ley aplicable se regir\u00e1.<\/p><p>Observamos las pr\u00e1cticas de seguridad del comercio electr\u00f3nico &#8211; Disponemos de salvaguardias f\u00edsicas, electr\u00f3nicas y procedimentales para proteger la informaci\u00f3n personal de los usuarios de eLicensing. Hemos superado con \u00e9xito auditor\u00edas de rutina e inspecciones independientes de nuestra infraestructura de seguridad. En los servidores web no se almacena informaci\u00f3n personal, como n\u00famero de seguridad social, fecha de nacimiento, nombre de usuario o contrase\u00f1a. Los servidores web est\u00e1n separados en una red distinta para que se puedan emplear medidas de seguridad aumentadas.<\/p><p>La privacidad se gestiona mediante cifrado.<\/p><p>Este nivel de cifrado ayuda a asegurar que la informaci\u00f3n sea segura cuando se transmiten los datos. Todas las transacciones de eLicensing est\u00e1n protegidas mediante la tecnolog\u00eda Secure Socket Layer (SSL) con cifrado de 128 bits. SSL cifra la informaci\u00f3n personal del individuo antes de que salga de su ordenador, asegur\u00e1ndose de que no pueda ser le\u00edda por personas no autorizadas. El uso de cifrado de 128 bits es el est\u00e1ndar para proteger la informaci\u00f3n financiera y personal en la web.<\/p><p>El DRE no almacena ninguna informaci\u00f3n de tarjeta de cr\u00e9dito en archivo y solo conserva la informaci\u00f3n de autorizaci\u00f3n proporcionada por el centro de procesamiento de pagos seguro.<\/p><p>Utilizamos salvaguardias de seguridad de la informaci\u00f3n &#8211; Tomamos precauciones razonables para proteger la informaci\u00f3n personal de los individuos recogidos o mantenidos por el Departamento contra la p\u00e9rdida, el acceso no autorizado y el uso o divulgaci\u00f3n il\u00edcitos. La informaci\u00f3n personal se almacena en lugares seguros.<\/p><p>Nuestro personal est\u00e1 capacitado en los procedimientos para la divulgaci\u00f3n de informaci\u00f3n, y el acceso a la informaci\u00f3n personal est\u00e1 limitado a aquellos funcionarios cuyo trabajo lo requiere. La informaci\u00f3n confidencial se destruye de acuerdo con el calendario de conservaci\u00f3n de los registros del Departamento. El DRE lleva a cabo auditor\u00edas peri\u00f3dicas para asegurarse de que se sigan las pol\u00edticas y procedimientos adecuados de gesti\u00f3n de la informaci\u00f3n.<\/p><p>California es el primer estado en tener una agencia dedicada a promover y proteger los derechos de privacidad de los consumidores.<\/p>\t\t\t\t\t\t\t\t<\/div>\n\t\t\t\t<\/div>\n\t\t\t\t<\/div>\n\t\t\t\t\t<\/div>\n\t\t\t\t<\/div>\n\t\t\t\t<\/div>\n\t\t","protected":false},"excerpt":{"rendered":"<p>Pol\u00edtica inmobiliaria de California Pol\u00edtica de privacidad como se lee en https:\/\/www.dre.ca.gov\/privacypolicy.html El Departamento de Bienes Ra\u00edces de California est\u00e1 comprometido a proteger y servir a los intereses del p\u00fablico en las transacciones inmobiliarias y prestar servicios en\u00e9rgicos a la industria inmobiliaria. El DRE tambi\u00e9n se compromete a promover y proteger los derechos de privacidad [&hellip;]<\/p>\n","protected":false},"author":1,"featured_media":0,"parent":0,"menu_order":0,"comment_status":"closed","ping_status":"closed","template":"","meta":{"footnotes":""},"class_list":["post-3071","page","type-page","status-publish","hentry"],"yoast_head":"<!-- This site is optimized with the Yoast SEO plugin v27.2 - https:\/\/yoast.com\/product\/yoast-seo-wordpress\/ -->\n<title>Pol\u00edtica inmobiliaria de California - Cristiane Jackson<\/title>\n<meta name=\"robots\" content=\"index, follow, max-snippet:-1, max-image-preview:large, max-video-preview:-1\" \/>\n<link rel=\"canonical\" href=\"https:\/\/cristianejackson.com\/es\/california-privacy-policy\/\" \/>\n<meta property=\"og:locale\" content=\"es_ES\" \/>\n<meta property=\"og:type\" content=\"article\" \/>\n<meta property=\"og:title\" content=\"Pol\u00edtica inmobiliaria de California - Cristiane Jackson\" \/>\n<meta property=\"og:description\" content=\"Pol\u00edtica inmobiliaria de California Pol\u00edtica de privacidad como se lee en https:\/\/www.dre.ca.gov\/privacypolicy.html El Departamento de Bienes Ra\u00edces de California est\u00e1 comprometido a proteger y servir a los intereses del p\u00fablico en las transacciones inmobiliarias y prestar servicios en\u00e9rgicos a la industria inmobiliaria. El DRE tambi\u00e9n se compromete a promover y proteger los derechos de privacidad [&hellip;]\" \/>\n<meta property=\"og:url\" content=\"https:\/\/cristianejackson.com\/es\/california-privacy-policy\/\" \/>\n<meta property=\"og:site_name\" content=\"Cristiane Jackson\" \/>\n<meta property=\"article:modified_time\" content=\"2024-02-05T21:49:53+00:00\" \/>\n<meta name=\"twitter:card\" content=\"summary_large_image\" \/>\n<meta name=\"twitter:label1\" content=\"Tiempo de lectura\" \/>\n\t<meta name=\"twitter:data1\" content=\"4 minutos\" \/>\n<script type=\"application\/ld+json\" class=\"yoast-schema-graph\">{\"@context\":\"https:\/\/schema.org\",\"@graph\":[{\"@type\":\"WebPage\",\"@id\":\"https:\/\/cristianejackson.com\/es\/california-privacy-policy\/\",\"url\":\"https:\/\/cristianejackson.com\/es\/california-privacy-policy\/\",\"name\":\"Pol\u00edtica inmobiliaria de California - Cristiane Jackson\",\"isPartOf\":{\"@id\":\"https:\/\/cristianejackson.com\/es\/#website\"},\"datePublished\":\"2024-02-04T20:44:44+00:00\",\"dateModified\":\"2024-02-05T21:49:53+00:00\",\"breadcrumb\":{\"@id\":\"https:\/\/cristianejackson.com\/es\/california-privacy-policy\/#breadcrumb\"},\"inLanguage\":\"es\",\"potentialAction\":[{\"@type\":\"ReadAction\",\"target\":[\"https:\/\/cristianejackson.com\/es\/california-privacy-policy\/\"]}]},{\"@type\":\"BreadcrumbList\",\"@id\":\"https:\/\/cristianejackson.com\/es\/california-privacy-policy\/#breadcrumb\",\"itemListElement\":[{\"@type\":\"ListItem\",\"position\":1,\"name\":\"Home\",\"item\":\"https:\/\/cristianejackson.com\/es\/\"},{\"@type\":\"ListItem\",\"position\":2,\"name\":\"Pol\u00edtica inmobiliaria de California\"}]},{\"@type\":\"WebSite\",\"@id\":\"https:\/\/cristianejackson.com\/es\/#website\",\"url\":\"https:\/\/cristianejackson.com\/es\/\",\"name\":\"Cristiane Jackson\",\"description\":\"Real Estate Agent\",\"potentialAction\":[{\"@type\":\"SearchAction\",\"target\":{\"@type\":\"EntryPoint\",\"urlTemplate\":\"https:\/\/cristianejackson.com\/es\/?s={search_term_string}\"},\"query-input\":{\"@type\":\"PropertyValueSpecification\",\"valueRequired\":true,\"valueName\":\"search_term_string\"}}],\"inLanguage\":\"es\"}]}<\/script>\n<!-- \/ Yoast SEO plugin. -->","yoast_head_json":{"title":"Pol\u00edtica inmobiliaria de California - Cristiane Jackson","robots":{"index":"index","follow":"follow","max-snippet":"max-snippet:-1","max-image-preview":"max-image-preview:large","max-video-preview":"max-video-preview:-1"},"canonical":"https:\/\/cristianejackson.com\/es\/california-privacy-policy\/","og_locale":"es_ES","og_type":"article","og_title":"Pol\u00edtica inmobiliaria de California - Cristiane Jackson","og_description":"Pol\u00edtica inmobiliaria de California Pol\u00edtica de privacidad como se lee en https:\/\/www.dre.ca.gov\/privacypolicy.html El Departamento de Bienes Ra\u00edces de California est\u00e1 comprometido a proteger y servir a los intereses del p\u00fablico en las transacciones inmobiliarias y prestar servicios en\u00e9rgicos a la industria inmobiliaria. El DRE tambi\u00e9n se compromete a promover y proteger los derechos de privacidad [&hellip;]","og_url":"https:\/\/cristianejackson.com\/es\/california-privacy-policy\/","og_site_name":"Cristiane Jackson","article_modified_time":"2024-02-05T21:49:53+00:00","twitter_card":"summary_large_image","twitter_misc":{"Tiempo de lectura":"4 minutos"},"schema":{"@context":"https:\/\/schema.org","@graph":[{"@type":"WebPage","@id":"https:\/\/cristianejackson.com\/es\/california-privacy-policy\/","url":"https:\/\/cristianejackson.com\/es\/california-privacy-policy\/","name":"Pol\u00edtica inmobiliaria de California - Cristiane Jackson","isPartOf":{"@id":"https:\/\/cristianejackson.com\/es\/#website"},"datePublished":"2024-02-04T20:44:44+00:00","dateModified":"2024-02-05T21:49:53+00:00","breadcrumb":{"@id":"https:\/\/cristianejackson.com\/es\/california-privacy-policy\/#breadcrumb"},"inLanguage":"es","potentialAction":[{"@type":"ReadAction","target":["https:\/\/cristianejackson.com\/es\/california-privacy-policy\/"]}]},{"@type":"BreadcrumbList","@id":"https:\/\/cristianejackson.com\/es\/california-privacy-policy\/#breadcrumb","itemListElement":[{"@type":"ListItem","position":1,"name":"Home","item":"https:\/\/cristianejackson.com\/es\/"},{"@type":"ListItem","position":2,"name":"Pol\u00edtica inmobiliaria de California"}]},{"@type":"WebSite","@id":"https:\/\/cristianejackson.com\/es\/#website","url":"https:\/\/cristianejackson.com\/es\/","name":"Cristiane Jackson","description":"Real Estate Agent","potentialAction":[{"@type":"SearchAction","target":{"@type":"EntryPoint","urlTemplate":"https:\/\/cristianejackson.com\/es\/?s={search_term_string}"},"query-input":{"@type":"PropertyValueSpecification","valueRequired":true,"valueName":"search_term_string"}}],"inLanguage":"es"}]}},"_links":{"self":[{"href":"https:\/\/cristianejackson.com\/es\/wp-json\/wp\/v2\/pages\/3071","targetHints":{"allow":["GET"]}}],"collection":[{"href":"https:\/\/cristianejackson.com\/es\/wp-json\/wp\/v2\/pages"}],"about":[{"href":"https:\/\/cristianejackson.com\/es\/wp-json\/wp\/v2\/types\/page"}],"author":[{"embeddable":true,"href":"https:\/\/cristianejackson.com\/es\/wp-json\/wp\/v2\/users\/1"}],"replies":[{"embeddable":true,"href":"https:\/\/cristianejackson.com\/es\/wp-json\/wp\/v2\/comments?post=3071"}],"version-history":[{"count":11,"href":"https:\/\/cristianejackson.com\/es\/wp-json\/wp\/v2\/pages\/3071\/revisions"}],"predecessor-version":[{"id":3331,"href":"https:\/\/cristianejackson.com\/es\/wp-json\/wp\/v2\/pages\/3071\/revisions\/3331"}],"wp:attachment":[{"href":"https:\/\/cristianejackson.com\/es\/wp-json\/wp\/v2\/media?parent=3071"}],"curies":[{"name":"wp","href":"https:\/\/api.w.org\/{rel}","templated":true}]}}